{"id":11865,"date":"2023-06-02T11:26:33","date_gmt":"2023-06-02T09:26:33","guid":{"rendered":"https:\/\/www.1a-yachtcharter.de\/blog\/?page_id=11865"},"modified":"2023-06-15T12:19:19","modified_gmt":"2023-06-15T10:19:19","slug":"teilnahmebedingungen-und-datenschutzbestimmungen-verlosung","status":"publish","type":"page","link":"https:\/\/www.1a-yachtcharter.de\/blog\/teilnahmebedingungen-und-datenschutzbestimmungen-verlosung\/","title":{"rendered":"Teilnahmebedingungen und Datenschutzbestimmungen Verlosung"},"content":{"rendered":"<!-- PMB print buttons is only displayed on a single post\/page URLs--><h2><span style=\"font-weight: 400;\">Verlosung zur Newsletterumfrage von 1a Yachtcharter<\/span><\/h2>\n<p>&nbsp;<\/p>\n<p><strong>1. Veranstalter\/Teilnahmeberechtigung<\/strong><\/p>\n<p><span style=\"font-weight: 400;\">Veranstalter der Verlosung zur Newsletterumfrage (nachfolgend: \u201eVerlosung\u201c) ist die 1a Yachtcharter GmbH, Frotheimer Str. 1, 32312 L\u00fcbbecke, Deutschland (nachfolgend: \u201e1a Yachtcharter\u201c). Teilnahmeberechtigt sind Personen, die bei der Teilnahme mindestens 18 Jahre alt sind. Die Teilnahme \u00fcber Dritte, wie z.B. Gewinnspielagenturen, ist nicht gestattet. Von der Teilnahme ausgeschlossen sind Mitarbeiter:innen von 1a Yachtcharter und ihren Tochtergesellschaften und Partnerunternehmen, deren Vertreter und deren Angeh\u00f6rige. Durch die Teilnahme an der Verlosung erkl\u00e4ren sich die Teilnehmenden mit diesen Teilnahmebedingungen von 1a Yachtcharter einverstanden.<\/span><\/p>\n<p>&nbsp;<\/p>\n<p><strong>2. Teilnahmevoraussetzung<\/strong><\/p>\n<p><span style=\"font-weight: 400;\">Voraussetzung f\u00fcr die Teilnahme ist die vollst\u00e4ndige und wahrheitsgem\u00e4\u00dfe Angabe von folgenden personenbezogenen Daten: Name, E-Mail-Adresse und Geburtstag.<\/span><\/p>\n<p>&nbsp;<\/p>\n<p><strong>3. Teilnahmemodalit\u00e4ten<\/strong><\/p>\n<p><span style=\"font-weight: 400;\">Die Teilnahme ist nur unseren Newsletter-Abonnenten vorbehalten und erfolgt \u00fcber die Umfrageplattform Google Docs. Die M\u00f6glichkeit der Teilnahme besteht vom 15<\/span><span style=\"font-weight: 400;\">.06.2023 bis 29.06.2023, 23:59 Uhr<\/span><span style=\"font-weight: 400;\">. Um an der Verlosung teilzunehmen, m\u00fcssen die Teilnehmenden mindestens eine Frage der Newsletterumfrage bis <\/span><span style=\"font-weight: 400;\">29.06.2023, 23:59 Uhr<\/span><span style=\"font-weight: 400;\"> beantworten.<\/span><\/p>\n<p>&nbsp;<\/p>\n<p><strong>4. Gewinn<\/strong><\/p>\n<p><span style=\"font-weight: 400;\">Die Teilnehmenden k\u00f6nnen einen digitalen Gutschein im Wert von 100\u20ac oder einen von f\u00fcnf digitalen Gutscheinen im Wert von 50\u20ac f\u00fcr ihren n\u00e4chsten Chartert\u00f6rn mit 1a Yachtcharter gewinnen. Der Gutschein kann nur vor Abschluss der Buchung eingel\u00f6st werden. Eine nachtr\u00e4gliche Verrechnung ist nicht m\u00f6glich. Eine Barauszahlung, Auszahlung in Sachwerten oder ein Tausch des Gewinns ist ausgeschlossen. Beim 100\u20ac-Gutschein gilt ein Mindestcharterpreis von 1000\u20ac. Der Gutschein ist nicht \u00fcbertragbar. Pro Kund:in und Buchung kann nur ein Gutschein eingel\u00f6st werden. <\/span><\/p>\n<p>&nbsp;<\/p>\n<p><strong>5. Gewinnermittlung \/ Verlosung<\/strong><\/p>\n<p><span style=\"font-weight: 400;\">Der Gewinner oder die Gewinnerin wird von 1a Yachtcharter unter allen Teilnehmenden, die mindestens eine Frage bei der Umfrage beantwortet haben, per Los ermittelt. 1a Yachtcharter beh\u00e4lt sich das Recht vor, Teilnehmende, die sich nicht an diese Teilnahmebedingungen halten, von der Teilnahme auszuschlie\u00dfen.<\/span><\/p>\n<p>&nbsp;<\/p>\n<p><strong>6. Benachrichtigung der Gewinner:innen<\/strong><\/p>\n<p><span style=\"font-weight: 400;\">Die Gewinner:innen werden nach Beendigung der Verlosung innerhalb von 3 Werktagen per Email benachrichtigt und um R\u00fcckmeldung gebeten. Die Gewinner:innen werden von 1a Yachtcharter gebeten, Namen, E-Mail-Adresse, Telefonnummer und Geburtstag zu nennen.<\/span><\/p>\n<p>&nbsp;<\/p>\n<p><strong>7. Datenschutz<\/strong><\/p>\n<p><span style=\"font-weight: 400;\">Durch die Teilnahme am Wettbewerb erkl\u00e4ren sich die Teilnehmenden damit einverstanden, dass ihre personenbezogenen Daten (Name, E-Mail-Adresse und Geburtstag) von 1a Yachtcharter im Rahmen der Datenschutzbestimmungen von 1a Yachtcharter erhoben, elektronisch gespeichert und genutzt werden. Die personenbezogenen Daten werden von 1a Yachtcharter ausschlie\u00dflich zum Zwecke der Durchf\u00fchrung und Abwicklung der Verlosung erhoben, gespeichert, genutzt sowie \u2013 etwa zum Zwecke der Gewinnzustellung \u2013 an Dritte weitergegeben. Eine weitergehende Verwendung findet nicht statt. Auf Wunsch der Teilnehmenden werden die Daten nach Beendigung des Wettbewerbs wieder gel\u00f6scht. Verantwortliche Stelle im Sinne der geltenden Datenschutzgesetze ist die 1a Yachtcharter GmbH, Frotheimer Str. 1, 32312 L\u00fcbbecke, Deutschland.<\/span><\/p>\n<p>&nbsp;<\/p>\n<p><strong>8. Erkl\u00e4rung \/ Haftungsausschluss<\/strong><\/p>\n<p><span style=\"font-weight: 400;\">Diese Verlosung steht in keiner Verbindung zu Mailchimp oder Google und wird nicht von Mailchimp oder Google<\/span> <span style=\"font-weight: 400;\">gesponsert, unterst\u00fctzt oder organisiert. Der Empf\u00e4nger der von den Teilnehmenden mitgeteilten Daten ist nicht Google, sondern 1a Yachtcharter. S\u00e4mtliche Fragen, Kommentare oder Beschwerden zur Verlosung sind an 1a Yachtcharter zu richten an: <a href=\"mailto:info@1a-yachtcharter.de\" target=\"_blank\" rel=\"noopener\">info@1a-yachtcharter.de<\/a>.<\/span><\/p>\n<p><span style=\"font-weight: 400;\">1a Yachtcharter \u00fcbernimmt keine Verantwortung f\u00fcr den Inhalt oder den Umgang mit den personenbezogenen Daten der Teilnehmer durch Google. Zu den Nutzungs- und Datenschutzbestimmungen von Google: <\/span><a href=\"https:\/\/policies.google.com\/terms\"><span style=\"font-weight: 400;\">https:\/\/policies.google.com\/terms<\/span><\/a><span style=\"font-weight: 400;\"> und <\/span><a href=\"https:\/\/policies.google.com\/privacy\"><span style=\"font-weight: 400;\">https:\/\/policies.google.com\/privacy<\/span><\/a><\/p>\n<p>&nbsp;<\/p>\n<p><strong>9. Anwendbares Recht<\/strong><\/p>\n<p><span style=\"font-weight: 400;\">Diese Teilnahmebedingungen stellen die abschlie\u00dfenden Regelungen f\u00fcr die Verlosung dar. Sollten einzelne Bestimmungen dieser Teilnahmebedingungen ung\u00fcltig sein oder werden, bleibt die G\u00fcltigkeit der \u00fcbrigen Teilnahmebedingungen unber\u00fchrt. Der Wettbewerb unterliegt ausschlie\u00dflich dem Recht der Bundesrepublik Deutschland unter Ausschluss der Kollisionsnormen. Der Rechtsweg ist ausgeschlossen.<\/span><\/p>\n<div class=\"remoji_bar\"><div class=\"remoji_add_container\" data-remoji-id=\"11865\" data-remoji-type=\"post\"><div class=\"remoji_add_icon\"><\/div><\/div><div class=\"remoji_error_bar\" data-remoji-id=\"11865\" data-remoji-type=\"post\" style=\"display: none;\">Error happened.<\/div><\/div>","protected":false},"excerpt":{"rendered":"<p>Verlosung zur Newsletterumfrage von 1a Yachtcharter &nbsp; 1. Veranstalter\/Teilnahmeberechtigung Veranstalter der Verlosung zur Newsletterumfrage (nachfolgend: \u201eVerlosung\u201c) ist die 1a Yachtcharter GmbH, Frotheimer Str. 1, 32312 L\u00fcbbecke, Deutschland (nachfolgend: \u201e1a Yachtcharter\u201c). Teilnahmeberechtigt sind Personen, die bei der Teilnahme mindestens 18 Jahre alt sind. Die Teilnahme \u00fcber Dritte, wie z.B. Gewinnspielagenturen, ist nicht gestattet. Von der Teilnahme ausgeschlossen sind Mitarbeiter:innen von 1a Yachtcharter und ihren Tochtergesellschaften und Partnerunternehmen, deren Vertreter und deren Angeh\u00f6rige. Durch die Teilnahme an der Verlosung erkl\u00e4ren sich die Teilnehmenden mit diesen Teilnahmebedingungen von 1a Yachtcharter einverstanden. &nbsp; 2. Teilnahmevoraussetzung Voraussetzung f\u00fcr die Teilnahme ist die vollst\u00e4ndige und wahrheitsgem\u00e4\u00dfe<\/p>\n","protected":false},"author":18,"featured_media":0,"parent":0,"menu_order":0,"comment_status":"closed","ping_status":"closed","template":"","meta":{"_monsterinsights_skip_tracking":false,"_monsterinsights_sitenote_active":false,"_monsterinsights_sitenote_note":"","_monsterinsights_sitenote_category":0,"ngg_post_thumbnail":0,"footnotes":""},"class_list":["post-11865","page","type-page","status-publish","hentry"],"aioseo_notices":[],"_links":{"self":[{"href":"https:\/\/www.1a-yachtcharter.de\/blog\/wp-json\/wp\/v2\/pages\/11865","targetHints":{"allow":["GET"]}}],"collection":[{"href":"https:\/\/www.1a-yachtcharter.de\/blog\/wp-json\/wp\/v2\/pages"}],"about":[{"href":"https:\/\/www.1a-yachtcharter.de\/blog\/wp-json\/wp\/v2\/types\/page"}],"author":[{"embeddable":true,"href":"https:\/\/www.1a-yachtcharter.de\/blog\/wp-json\/wp\/v2\/users\/18"}],"replies":[{"embeddable":true,"href":"https:\/\/www.1a-yachtcharter.de\/blog\/wp-json\/wp\/v2\/comments?post=11865"}],"version-history":[{"count":6,"href":"https:\/\/www.1a-yachtcharter.de\/blog\/wp-json\/wp\/v2\/pages\/11865\/revisions"}],"predecessor-version":[{"id":11895,"href":"https:\/\/www.1a-yachtcharter.de\/blog\/wp-json\/wp\/v2\/pages\/11865\/revisions\/11895"}],"wp:attachment":[{"href":"https:\/\/www.1a-yachtcharter.de\/blog\/wp-json\/wp\/v2\/media?parent=11865"}],"curies":[{"name":"wp","href":"https:\/\/api.w.org\/{rel}","templated":true}]}}