{"id":7325,"date":"2019-10-08T15:49:20","date_gmt":"2019-10-08T13:49:20","guid":{"rendered":"https:\/\/www.1a-yachtcharter.de\/blog\/?page_id=7325"},"modified":"2019-10-08T15:49:20","modified_gmt":"2019-10-08T13:49:20","slug":"datenschutzerklaerung-newsletter","status":"publish","type":"page","link":"https:\/\/www.1a-yachtcharter.de\/blog\/datenschutzerklaerung-newsletter\/","title":{"rendered":"Datenschutzerkl\u00e4rung Newsletter"},"content":{"rendered":"<!-- PMB print buttons is only displayed on a single post\/page URLs--><h3 class=\"fusion-separator fusion-full-width-sep sep-single sep-dashed lefticon\"><span style=\"font-size: 16px;\">MailChimp Datenschutzerkl\u00e4rung<\/span><\/h3>\n<div class=\"fusion-text\">\n<p>Wir versenden Newsletter mit MailChimp und verwenden auf dieser Webseite Funktionen des Newsletter Dienstes MailChimp der Firma&nbsp;The Rocket Science Group, LLC,&nbsp;675 Ponce de Leon Ave NE,&nbsp;Suite 5000,&nbsp;Atlanta, GA 30308 USA um Newsletter-Anmeldungen zu erfassen.<\/p>\n<h4 class=\"adsimple-311119893\" data-fontsize=\"21\" data-lineheight=\"31\">Allgemeine Informationen zu MailChimp<\/h4>\n<p>Die Rocket Science Group LLC (MailChimp) unterh\u00e4lt Online-Plattformen, die es unseren Nutzern erm\u00f6glichen, in Kontakt mit ihren Abonnenten zu bleiben, in erster Linie per E-Mail. Sie erlauben Benutzern, E-Mail-Adressen und andere Informationen zum Abonnentenprofil, wie z. B. Name, physische Adresse und andere demografische Informationen, in die MailChimp Datenbank hochzuladen. Diese Informationen werden verwendet, um E-Mails zu senden und die Verwendung bestimmter anderer MailChimp-Funktionen f\u00fcr diese Benutzer zu erm\u00f6glichen. In \u00dcbereinstimmung mit den ver\u00f6ffentlichten Datenschutzrichtlinien teilt MailChimp einige Informationen mit Drittanbietern, um die Dienste bereitzustellen und zu unterst\u00fctzen, die MailChimp den Nutzern anbietet. MailChimp teilt auch einige Informationen mit Werbepartnern von Drittanbietern, um die Bed\u00fcrfnisse und Interessen der Nutzer besser zu verstehen, damit relevantere Inhalte und zielgerichtete Werbung f\u00fcr diese Nutzer und andere Nutzer bereitgestellt werden k\u00f6nnen.<\/p>\n<h4 class=\"adsimple-311119893\" data-fontsize=\"21\" data-lineheight=\"31\">Newsletter Anmeldung<\/h4>\n<p>Wenn Sie auf unserer Webseite f\u00fcr unseren Newsletter anmelden, werden die eingegebenen Daten bei MailChimp gespeichert.<\/p>\n<h4 class=\"adsimple-311119893\" data-fontsize=\"21\" data-lineheight=\"31\">L\u00f6schung Ihrer Daten<\/h4>\n<p>Sie k\u00f6nnen Ihre Zustimmung f\u00fcr den Erhalt unseres Newsletters jederzeit innerhalb der empfangenen E-Mail per Klick auf den Link im unteren Bereich entziehen. Wenn Sie sich mittels Klick auf den Abmeldelink abgemeldet haben, werden Ihre Daten bei MailChimp gel\u00f6scht.<\/p>\n<h4 class=\"adsimple-311119893\" data-fontsize=\"21\" data-lineheight=\"31\">Newsletter Auswertung<\/h4>\n<p>Wenn Sie einen Newsletter \u00fcber MailChimp erhalten, werden Informationen wie IP-Adresse, Browsertyp und E-Mail-Programm gespeichert um uns Informationen zur Performance unseres Newsletters zu geben. MailChimp kann mittels den in den HTML-E-Mails integrierten Bildern namens Web Beacons (Details finden Sie auf&nbsp;<a class=\"adsimple-311119893\" href=\"https:\/\/kb.mailchimp.com\/reports\/about-open-tracking\">https:\/\/kb.mailchimp.com\/reports\/about-open-tracking<\/a>) feststellen ob die E-Mail angekommen ist, ob sie ge\u00f6ffnet wurde und ob Links angeklickt wurden. All diese Informationen werden auf den Servern von MailChimp gespeichert, nicht auf dieser Webseite.<\/p>\n<p>MailChimp ist aktiver Teilnehmer beim EU-U.S. Privacy Shield Framework wodurch der korrekte und sichere Datentransfer pers\u00f6nlicher Daten geregelt wird. Mehr Informationen dazu finden Sie auf <a class=\"adsimple-311119893\" href=\"https:\/\/www.privacyshield.gov\/participant?id=a2zt0000000TO6hAAG\">https:\/\/www.privacyshield.gov\/participant?id=a2zt0000000TO6hAAG<\/a>. Mehr \u00fcber den Einsatz von Cookies bei MailChimp erfahren Sie auf&nbsp;<a class=\"adsimple-311119893\" href=\"https:\/\/mailchimp.com\/legal\/cookies\/\">https:\/\/mailchimp.com\/legal\/cookies\/<\/a>, Informationen zum Datenschutz bei MailChimp (Privacy) k\u00f6nnen Sie auf&nbsp;<a class=\"adsimple-311119893\" href=\"https:\/\/mailchimp.com\/legal\/privacy\/\">https:\/\/mailchimp.com\/legal\/privacy\/<\/a> nachlesen.<\/p>\n<h4 class=\"adsimple-311119893\" data-fontsize=\"24\" data-lineheight=\"36\">MailChimp Auftragsdatenverarbeitung Vertrag<\/h4>\n<p>Wir haben mit MailChimp einen Vertrag \u00fcber die Auftragsdatenverarbeitung (Data Processing Addendum) abgeschlossen. Dieser Vertrag dient zur Absicherung Ihrer pers\u00f6nlichen Daten und stellt sicher, dass sich MailChimp an die geltenden Datenschutzbestimmungen h\u00e4lt und Ihre pers\u00f6nlichen Daten nicht an Dritte weitergibt.<\/p>\n<p>Mehr Informationen zu diesem Vertrag finden Sie auf&nbsp;<a class=\"adsimple-311119893\" href=\"http:\/\/mailchimp.com\/legal\/forms\/data-processing-agreement\/\">http:\/\/mailchimp.com\/legal\/forms\/data-processing-agreement\/<\/a>.<\/p>\n<p>Quelle: Erstellt&nbsp;mit dem&nbsp;<a title=\"Datenschutz Generator Deutschland\" href=\"https:\/\/www.adsimple.de\/datenschutz-generator\/\" target=\"_blank\" rel=\"follow noopener noreferrer\">Datenschutz Generator<\/a> von AdSimple&nbsp;in Kooperation mit <a title=\"\" href=\"https:\/\/www.fashiongott.de\/\" target=\"_blank\" rel=\"follow noopener noreferrer\">fashiongott.de<\/a><\/p>\n<\/div>\n<div class=\"remoji_bar\"><div class=\"remoji_add_container\" data-remoji-id=\"7325\" data-remoji-type=\"post\"><div class=\"remoji_add_icon\"><\/div><\/div><div class=\"remoji_error_bar\" data-remoji-id=\"7325\" data-remoji-type=\"post\" style=\"display: none;\">Error happened.<\/div><\/div>","protected":false},"excerpt":{"rendered":"<p>MailChimp Datenschutzerkl\u00e4rung Wir versenden Newsletter mit MailChimp und verwenden auf dieser Webseite Funktionen des Newsletter Dienstes MailChimp der Firma&nbsp;The Rocket Science Group, LLC,&nbsp;675 Ponce de Leon Ave NE,&nbsp;Suite 5000,&nbsp;Atlanta, GA 30308 USA um Newsletter-Anmeldungen zu erfassen. Allgemeine Informationen zu MailChimp Die Rocket Science Group LLC (MailChimp) unterh\u00e4lt Online-Plattformen, die es unseren Nutzern erm\u00f6glichen, in Kontakt mit ihren Abonnenten zu bleiben, in erster Linie per E-Mail. Sie erlauben Benutzern, E-Mail-Adressen und andere Informationen zum Abonnentenprofil, wie z. B. Name, physische Adresse und andere demografische Informationen, in die MailChimp Datenbank hochzuladen. Diese Informationen werden verwendet, um E-Mails zu senden und die Verwendung<\/p>\n","protected":false},"author":18,"featured_media":0,"parent":0,"menu_order":0,"comment_status":"closed","ping_status":"closed","template":"","meta":{"_monsterinsights_skip_tracking":false,"_monsterinsights_sitenote_active":false,"_monsterinsights_sitenote_note":"","_monsterinsights_sitenote_category":0,"ngg_post_thumbnail":0,"footnotes":""},"class_list":["post-7325","page","type-page","status-publish","hentry"],"aioseo_notices":[],"_links":{"self":[{"href":"https:\/\/www.1a-yachtcharter.de\/blog\/wp-json\/wp\/v2\/pages\/7325","targetHints":{"allow":["GET"]}}],"collection":[{"href":"https:\/\/www.1a-yachtcharter.de\/blog\/wp-json\/wp\/v2\/pages"}],"about":[{"href":"https:\/\/www.1a-yachtcharter.de\/blog\/wp-json\/wp\/v2\/types\/page"}],"author":[{"embeddable":true,"href":"https:\/\/www.1a-yachtcharter.de\/blog\/wp-json\/wp\/v2\/users\/18"}],"replies":[{"embeddable":true,"href":"https:\/\/www.1a-yachtcharter.de\/blog\/wp-json\/wp\/v2\/comments?post=7325"}],"version-history":[{"count":2,"href":"https:\/\/www.1a-yachtcharter.de\/blog\/wp-json\/wp\/v2\/pages\/7325\/revisions"}],"predecessor-version":[{"id":11128,"href":"https:\/\/www.1a-yachtcharter.de\/blog\/wp-json\/wp\/v2\/pages\/7325\/revisions\/11128"}],"wp:attachment":[{"href":"https:\/\/www.1a-yachtcharter.de\/blog\/wp-json\/wp\/v2\/media?parent=7325"}],"curies":[{"name":"wp","href":"https:\/\/api.w.org\/{rel}","templated":true}]}}