{"id":9627,"date":"2021-06-30T13:09:49","date_gmt":"2021-06-30T11:09:49","guid":{"rendered":"https:\/\/www.1a-yachtcharter.de\/blog\/?page_id=9627"},"modified":"2024-01-16T12:29:43","modified_gmt":"2024-01-16T10:29:43","slug":"teilnahmebedingungen-und-datenschutzbestimmungen-gewinnspiel","status":"publish","type":"page","link":"https:\/\/www.1a-yachtcharter.de\/blog\/teilnahmebedingungen-und-datenschutzbestimmungen-gewinnspiel\/","title":{"rendered":"Teilnahmebedingungen und Datenschutzbestimmungen Gewinnspiel"},"content":{"rendered":"<!-- PMB print buttons is only displayed on a single post\/page URLs--><h2>1a-Yachtcharter-Saillosung vom 16.01.2024<\/h2>\n<p>&nbsp;<\/p>\n<p><strong>1. Veranstalter\/Teilnahmeberechtigung<\/strong><\/p>\n<p>Veranstalter des Gewinnspiels \u201eSAILlosung vom 16.01.2024\u201c (nachfolgend: \u201eGewinnspiel\u201c) ist die 1a Yachtcharter GmbH, Frotheimer Str. 1, 32312 L\u00fcbbecke, Deutschland (nachfolgend: \u201e1a Yachtcharter\u201c). Teilnahmeberechtigt sind Personen, die bei der Teilnahme mindestens 18 Jahre alt sind. Die Teilnahme \u00fcber Dritte, wie z.B. Gewinnspielagenturen, ist nicht gestattet. Von der Teilnahme ausgeschlossen sind Mitarbeiter:innen von 1a Yachtcharter und ihren Tochtergesellschaften und Partnerunternehmen, deren Vertreter und deren Angeh\u00f6rige. Durch die Teilnahme am Wettbewerb erkl\u00e4ren sich die Teilnehmenden mit diesen Teilnahmebedingungen von 1a Yachtcharter einverstanden.<\/p>\n<p><strong>2. Teilnahmevoraussetzung<\/strong><\/p>\n<p>Voraussetzung f\u00fcr die Teilnahme ist die vollst\u00e4ndige und wahrheitsgem\u00e4\u00dfe Angabe von folgenden personenbezogenen Daten: Name, Anschrift, E-Mail-Adresse und Geburtstag. Weitere Voraussetzung ist, dass die Teilnehmenden \u00fcber einen g\u00fcltigen Instagram-Account verf\u00fcgen. Die Teilnehmenden verpflichten sich zudem, keine Inhalte zu ver\u00f6ffentlichen, die gegen gesetzliche Vorschriften, Rechte Dritter oder gegen die guten Sitten versto\u00dfen.<br \/>\n1a Yachtcharter beh\u00e4lt sich vor, Kommentare zu l\u00f6schen, sofern es die Situation erfordert. Dies gilt insbesondere f\u00fcr Kommentare, die folgendes beinhalten:<\/p>\n<ul>\n<li>herabsetzende, diffamierende, beleidigende, beschimpfende, radikale, gewaltverherrlichende, sexistische, jugendgef\u00e4hrdende, obsz\u00f6ne, sittenwidrige oder rassistische \u00c4u\u00dferungen<\/li>\n<li>pers\u00f6nliche Angriffe<\/li>\n<li>Spam, Werbung<\/li>\n<li>Marken- oder Urheberrechtsverletzungen oder sonstige rechtswidrige Inhalte<\/li>\n<\/ul>\n<p><strong>3. Teilnahmemodalit\u00e4ten<\/strong><\/p>\n<p>Die Teilnahme erfolgt \u00fcber die Social Media Plattform Instagram (<a href=\"www.instagram.com\" target=\"_blank\" rel=\"noopener\">www.instagram.com<\/a>). Die M\u00f6glichkeit der Teilnahme besteht vom 16.01.2024 bis 19.01.2024, 15:00 Uhr. Um am Wettbewerb teilzunehmen, m\u00fcssen die Teilnehmenden dem Instagram-Account @1ayachtcharter (<a href=\"https:\/\/www.instagram.com\/1ayachtcharter\/\" target=\"_blank\" rel=\"noopener\">https:\/\/www.instagram.com\/1ayachtcharter\/<\/a>) folgen, das Gewinnspiel-Posting bis zum Ende des Teilnahmezeitraums, 19.01.2024, 15:00 Uhr, liken und einen Freund (nachfolgend: Instagram-User) unter dem Beitrag markieren.<\/p>\n<p><strong>4. Gewinn<\/strong><\/p>\n<p>Die Teilnehmenden k\u00f6nnen 2&#215;2 Tagestickets f\u00fcr die Messe boot D\u00fcsseldorf 2024 bei uns gewinnen. Eine Barauszahlung oder eine Auszahlung in Sachwerten ist ausgeschlossen.<\/p>\n<p><strong>5. Gewinnermittlung\/Verlosung<\/strong><\/p>\n<p>Der Gewinner oder die Gewinnerin wird von 1a Yachtcharter unter allen Teilnehmenden, die 1a Yachtcharter folgen, den betreffenden Beitrag geliked haben und einen Instagram-User unter dem Posting der Verlosung markiert haben, per Los ermittelt. 1a Yachtcharter beh\u00e4lt sich das Recht vor, Teilnehmende, die sich nicht an diese Teilnahmebedingungen halten, von der Teilnahme auszuschlie\u00dfen. Teilnehmende Personen, deren Instagram-Account gesperrt, geschlossen oder eingeschr\u00e4nkt ist oder w\u00e4hrend des Wettbewerbszeitraums gesperrt, eingeschr\u00e4nkt oder geschlossen wird, k\u00f6nnen von der Teilnahme ausgeschlossen werden.<\/p>\n<p><strong>6. Benachrichtigung des Gewinners oder der Gewinnerin<\/strong><\/p>\n<p>Der Gewinner oder die Gewinnerin werden nach Beendigung des Gewinnspiels innerhalb von 3 Werktagen per Privatnachricht (Direct Message) \u00fcber die Social-Media-Plattform Instagram benachrichtigt und um R\u00fcckmeldung gebeten. Der Gewinner oder die Gewinnerin werden von 1a Yachtcharter gebeten, Namen, die vollst\u00e4ndige Anschrift, E-Mail-Adresse und Geburtstag zu nennen, um 2 Tagestickets zu erhalten.<\/p>\n<p><strong>7. Datenschutz<\/strong><\/p>\n<p>Durch die Teilnahme am Wettbewerb erkl\u00e4ren sich die Teilnehmenden damit einverstanden, dass ihre personenbezogenen Daten (Name, Anschrift, E-Mail-Adresse und Geburtstag) von 1a Yachtcharter im Rahmen der Datenschutzbestimmungen von 1a Yachtcharter erhoben, elektronisch gespeichert und genutzt werden. Die personenbezogenen Daten werden von 1a Yachtcharter ausschlie\u00dflich zum Zwecke der Durchf\u00fchrung und Abwicklung des Wettbewerbs erhoben, gespeichert, genutzt sowie \u2013 etwa zum Zwecke der Gewinnzustellung \u2013 an Dritte weitergegeben. Eine weitergehende Verwendung findet nicht statt. Auf Wunsch der Teilnehmenden werden die Daten nach Beendigung des Wettbewerbs wieder gel\u00f6scht. Verantwortliche Stelle im Sinne der geltenden Datenschutzgesetze ist die 1a Yachtcharter GmbH, Frotheimer Str. 1, 32312 L\u00fcbbecke, Deutschland<\/p>\n<p><strong>8. Erkl\u00e4rung\/Haftungsausschluss<\/strong><\/p>\n<p>Dieser Wettbewerb steht in keiner Verbindung zu Meta und wird nicht von Meta gesponsert, unterst\u00fctzt oder organisiert. Der Empf\u00e4nger der von den Teilnehmenden mitgeteilten Daten ist nicht Meta, sondern 1a Yachtcharter. S\u00e4mtliche Fragen, Kommentare oder Beschwerden zum Gewinnspiel sind an 1a Yachtcharter zu richten an: <a href=\"mailto:info@1a-yachtcharter.de\" target=\"_blank\" rel=\"noopener\">info@1a-yachtcharter.de<\/a>.<br \/>\n1a Yachtcharter \u00fcbernimmt keine Verantwortung f\u00fcr den Inhalt oder den Umgang mit den personenbezogenen Daten der Teilnehmer durch Meta. Zu den Nutzungs- und Datenschutzbestimmungen von Meta: <a href=\"https:\/\/www.facebook.com\/legal\/terms\/\" target=\"_blank\" rel=\"noopener\">https:\/\/www.facebook.com\/legal\/terms\/<\/a> und <a href=\"https:\/\/www.facebook.com\/privacy\/policy\/?entry_point=data_policy_redirect&amp;entry=0\" target=\"_blank\" rel=\"noopener\">https:\/\/www.facebook.com\/privacy\/policy\/?entry_point=data_policy_redirect&amp;entry=0<\/a>.<\/p>\n<p><strong>9. Anwendbares Recht<\/strong><\/p>\n<p>Diese Teilnahmebedingungen stellen die abschlie\u00dfenden Regelungen f\u00fcr das Gewinnspiel dar. Sollten einzelne Bestimmungen dieser Teilnahmebedingungen ung\u00fcltig sein oder werden, bleibt die G\u00fcltigkeit der \u00fcbrigen Teilnahmebedingungen unber\u00fchrt. Der Wettbewerb unterliegt ausschlie\u00dflich dem Recht der Bundesrepublik Deutschland unter Ausschluss der Kollisionsnormen. Der Rechtsweg ist ausgeschlossen.<\/p>\n<p>&nbsp;<\/p>\n<div class=\"remoji_bar\"><div class=\"remoji_add_container\" data-remoji-id=\"9627\" data-remoji-type=\"post\"><div class=\"remoji_add_icon\"><\/div><\/div><div class=\"remoji_error_bar\" data-remoji-id=\"9627\" data-remoji-type=\"post\" style=\"display: none;\">Error happened.<\/div><\/div>","protected":false},"excerpt":{"rendered":"<p>1a-Yachtcharter-Saillosung vom 16.01.2024 &nbsp; 1. Veranstalter\/Teilnahmeberechtigung Veranstalter des Gewinnspiels \u201eSAILlosung vom 16.01.2024\u201c (nachfolgend: \u201eGewinnspiel\u201c) ist die 1a Yachtcharter GmbH, Frotheimer Str. 1, 32312 L\u00fcbbecke, Deutschland (nachfolgend: \u201e1a Yachtcharter\u201c). Teilnahmeberechtigt sind Personen, die bei der Teilnahme mindestens 18 Jahre alt sind. Die Teilnahme \u00fcber Dritte, wie z.B. Gewinnspielagenturen, ist nicht gestattet. Von der Teilnahme ausgeschlossen sind Mitarbeiter:innen von 1a Yachtcharter und ihren Tochtergesellschaften und Partnerunternehmen, deren Vertreter und deren Angeh\u00f6rige. Durch die Teilnahme am Wettbewerb erkl\u00e4ren sich die Teilnehmenden mit diesen Teilnahmebedingungen von 1a Yachtcharter einverstanden. 2. Teilnahmevoraussetzung Voraussetzung f\u00fcr die Teilnahme ist die vollst\u00e4ndige und wahrheitsgem\u00e4\u00dfe Angabe von folgenden personenbezogenen<\/p>\n","protected":false},"author":18,"featured_media":0,"parent":0,"menu_order":0,"comment_status":"closed","ping_status":"closed","template":"","meta":{"_monsterinsights_skip_tracking":false,"_monsterinsights_sitenote_active":false,"_monsterinsights_sitenote_note":"","_monsterinsights_sitenote_category":0,"ngg_post_thumbnail":0,"footnotes":""},"class_list":["post-9627","page","type-page","status-publish","hentry"],"aioseo_notices":[],"_links":{"self":[{"href":"https:\/\/www.1a-yachtcharter.de\/blog\/wp-json\/wp\/v2\/pages\/9627","targetHints":{"allow":["GET"]}}],"collection":[{"href":"https:\/\/www.1a-yachtcharter.de\/blog\/wp-json\/wp\/v2\/pages"}],"about":[{"href":"https:\/\/www.1a-yachtcharter.de\/blog\/wp-json\/wp\/v2\/types\/page"}],"author":[{"embeddable":true,"href":"https:\/\/www.1a-yachtcharter.de\/blog\/wp-json\/wp\/v2\/users\/18"}],"replies":[{"embeddable":true,"href":"https:\/\/www.1a-yachtcharter.de\/blog\/wp-json\/wp\/v2\/comments?post=9627"}],"version-history":[{"count":23,"href":"https:\/\/www.1a-yachtcharter.de\/blog\/wp-json\/wp\/v2\/pages\/9627\/revisions"}],"predecessor-version":[{"id":12440,"href":"https:\/\/www.1a-yachtcharter.de\/blog\/wp-json\/wp\/v2\/pages\/9627\/revisions\/12440"}],"wp:attachment":[{"href":"https:\/\/www.1a-yachtcharter.de\/blog\/wp-json\/wp\/v2\/media?parent=9627"}],"curies":[{"name":"wp","href":"https:\/\/api.w.org\/{rel}","templated":true}]}}